{"id":1023,"date":"2022-12-03T07:30:28","date_gmt":"2022-12-03T06:30:28","guid":{"rendered":"https:\/\/hotelnomad.ba\/?page_id=1023"},"modified":"2026-04-03T13:18:26","modified_gmt":"2026-04-03T11:18:26","slug":"konferencijska-sala","status":"publish","type":"page","link":"https:\/\/hotelnomad.ba\/en\/konferencijska-sala\/","title":{"rendered":"Conference room"},"content":{"rendered":"<div data-elementor-type=\"wp-page\" data-elementor-id=\"1023\" class=\"elementor elementor-1023\" data-elementor-post-type=\"page\">\n\t\t\t\t<div class=\"elementor-element elementor-element-4ac28b3 e-con-full e-flex e-con e-parent\" data-id=\"4ac28b3\" data-element_type=\"container\" data-e-type=\"container\" data-settings=\"{&quot;background_background&quot;:&quot;classic&quot;}\">\n\t\t<div class=\"elementor-element elementor-element-033e905 e-flex e-con-boxed e-con e-child\" data-id=\"033e905\" data-element_type=\"container\" data-e-type=\"container\" data-settings=\"{&quot;background_background&quot;:&quot;classic&quot;}\">\n\t\t\t\t\t<div class=\"e-con-inner\">\n\t\t<div class=\"elementor-element elementor-element-eea9bcf e-flex e-con-boxed e-con e-child\" data-id=\"eea9bcf\" data-element_type=\"container\" data-e-type=\"container\">\n\t\t\t\t\t<div class=\"e-con-inner\">\n\t\t\t\t<div class=\"elementor-element elementor-element-8ab18e5 elementor-widget elementor-widget-heading\" data-id=\"8ab18e5\" data-element_type=\"widget\" data-e-type=\"widget\" data-widget_type=\"heading.default\">\n\t\t\t\t<div class=\"elementor-widget-container\">\n\t\t\t\t\t<h2 class=\"elementor-heading-title elementor-size-default\">Hotel Nomad<\/h2>\t\t\t\t<\/div>\n\t\t\t\t<\/div>\n\t\t\t\t<div class=\"elementor-element elementor-element-2e81848 elementor-widget elementor-widget-heading\" data-id=\"2e81848\" data-element_type=\"widget\" data-e-type=\"widget\" data-widget_type=\"heading.default\">\n\t\t\t\t<div class=\"elementor-widget-container\">\n\t\t\t\t\t<h1 class=\"elementor-heading-title elementor-size-default\">Conference rooms<\/h1>\t\t\t\t<\/div>\n\t\t\t\t<\/div>\n\t\t\t\t\t<\/div>\n\t\t\t\t<\/div>\n\t\t<div class=\"elementor-element elementor-element-d585cd3 e-flex e-con-boxed e-con e-child\" data-id=\"d585cd3\" data-element_type=\"container\" data-e-type=\"container\">\n\t\t\t\t\t<div class=\"e-con-inner\">\n\t\t\t\t<div class=\"elementor-element elementor-element-fee7799 elementor-widget elementor-widget-text-editor\" data-id=\"fee7799\" data-element_type=\"widget\" data-e-type=\"widget\" data-widget_type=\"text-editor.default\">\n\t\t\t\t<div class=\"elementor-widget-container\">\n\t\t\t\t\t\t\t\t\t<p>Organizujte seminar, konferenciju ili radionicu uposlenika u na\u0161oj konferencijskoj sali iz koje se pru\u017ea predivan pogled na Babin do. Opremljena je svim potrebnim za kvalitetno prezentovanje (projektor, flipchart).<\/p><p>The capacity of the hall is 80 people. Depending on the setting and in accordance with your wishes and needs, we can set up the tables and chairs.<\/p>\t\t\t\t\t\t\t\t<\/div>\n\t\t\t\t<\/div>\n\t\t\t\t\t<\/div>\n\t\t\t\t<\/div>\n\t\t\t\t\t<\/div>\n\t\t\t\t<\/div>\n\t\t\t\t<\/div>\n\t\t<div class=\"elementor-element elementor-element-c8ddf15 e-flex e-con-boxed e-con e-parent\" data-id=\"c8ddf15\" data-element_type=\"container\" data-e-type=\"container\">\n\t\t\t\t\t<div class=\"e-con-inner\">\n\t\t\t\t<div class=\"elementor-element elementor-element-1a16284 elementor-pagination-position-outside elementor-widget elementor-widget-image-carousel\" data-id=\"1a16284\" data-element_type=\"widget\" data-e-type=\"widget\" data-settings=\"{&quot;slides_to_show&quot;:&quot;2&quot;,&quot;slides_to_scroll&quot;:&quot;1&quot;,&quot;navigation&quot;:&quot;dots&quot;,&quot;autoplay&quot;:&quot;yes&quot;,&quot;pause_on_hover&quot;:&quot;yes&quot;,&quot;pause_on_interaction&quot;:&quot;yes&quot;,&quot;autoplay_speed&quot;:5000,&quot;infinite&quot;:&quot;yes&quot;,&quot;speed&quot;:500,&quot;image_spacing_custom&quot;:{&quot;unit&quot;:&quot;px&quot;,&quot;size&quot;:20,&quot;sizes&quot;:[]},&quot;image_spacing_custom_tablet&quot;:{&quot;unit&quot;:&quot;px&quot;,&quot;size&quot;:&quot;&quot;,&quot;sizes&quot;:[]},&quot;image_spacing_custom_mobile&quot;:{&quot;unit&quot;:&quot;px&quot;,&quot;size&quot;:&quot;&quot;,&quot;sizes&quot;:[]}}\" data-widget_type=\"image-carousel.default\">\n\t\t\t\t<div class=\"elementor-widget-container\">\n\t\t\t\t\t\t\t<div class=\"elementor-image-carousel-wrapper swiper\" role=\"region\" aria-roledescription=\"carousel\" aria-label=\"Vrtuljak slika\" dir=\"ltr\">\n\t\t\t<div class=\"elementor-image-carousel swiper-wrapper\" aria-live=\"off\">\n\t\t\t\t\t\t\t\t<div class=\"swiper-slide\" role=\"group\" aria-roledescription=\"slide\" aria-label=\"1 of 8\"><figure class=\"swiper-slide-inner\"><img decoding=\"async\" class=\"swiper-slide-image\" src=\"https:\/\/hotelnomad.ba\/wp-content\/uploads\/elementor\/thumbs\/DNI_5852-Edit-q9e8en2hdpkfalhl0t7u2xxdolxqrkm6ycb14wuexs.jpg\" alt=\"DNI_5852-Edit\" \/><\/figure><\/div><div class=\"swiper-slide\" role=\"group\" aria-roledescription=\"slide\" aria-label=\"2 of 8\"><figure class=\"swiper-slide-inner\"><img decoding=\"async\" class=\"swiper-slide-image\" src=\"https:\/\/hotelnomad.ba\/wp-content\/uploads\/elementor\/thumbs\/DNI_5865-HDR-q9e8errobvquwnar9d8yxeqonjaku24umzkgjang2o.jpg\" alt=\"DNI_5865-HDR\" \/><\/figure><\/div><div class=\"swiper-slide\" role=\"group\" aria-roledescription=\"slide\" aria-label=\"3 of 8\"><figure class=\"swiper-slide-inner\"><img decoding=\"async\" class=\"swiper-slide-image\" src=\"https:\/\/hotelnomad.ba\/wp-content\/uploads\/elementor\/thumbs\/nomad-16-of-75-q9efeu5l2gt0c55pdbpaksunhcw300tjallzkkwrhc.jpg\" alt=\"nomad (16 of 75)\" \/><\/figure><\/div><div class=\"swiper-slide\" role=\"group\" aria-roledescription=\"slide\" aria-label=\"4 of 8\"><figure class=\"swiper-slide-inner\"><img decoding=\"async\" class=\"swiper-slide-image\" src=\"https:\/\/hotelnomad.ba\/wp-content\/uploads\/elementor\/thumbs\/NED_9661-q9e8eycjnpzv5x176y3cwv2wt8e5bxuyzw4uw8dov4.jpg\" alt=\"NED_9661\" \/><\/figure><\/div><div class=\"swiper-slide\" role=\"group\" aria-roledescription=\"slide\" aria-label=\"5 of 8\"><figure class=\"swiper-slide-inner\"><img decoding=\"async\" class=\"swiper-slide-image\" src=\"https:\/\/hotelnomad.ba\/wp-content\/uploads\/elementor\/thumbs\/NED_9644-HDR-q9e8ewgva1xaip3xhxa3rvjzmgnewjnibmtvxogh7k.jpg\" alt=\"NED_9644-HDR\" \/><\/figure><\/div><div class=\"swiper-slide\" role=\"group\" aria-roledescription=\"slide\" aria-label=\"6 of 8\"><figure class=\"swiper-slide-inner\"><img decoding=\"async\" class=\"swiper-slide-image\" src=\"https:\/\/hotelnomad.ba\/wp-content\/uploads\/elementor\/thumbs\/nomad-14-of-75-q9efeqe8b4nv1pb5za2satst3tem58ely301nh2c68.jpg\" alt=\"nomad (14 of 75)\" \/><\/figure><\/div><div class=\"swiper-slide\" role=\"group\" aria-roledescription=\"slide\" aria-label=\"7 of 8\"><figure class=\"swiper-slide-inner\"><img decoding=\"async\" class=\"swiper-slide-image\" src=\"https:\/\/hotelnomad.ba\/wp-content\/uploads\/elementor\/thumbs\/nomad-15-of-75-q9efes9wosqfox8foaw1ftbqal5ckmm2mcb0m0zjts.jpg\" alt=\"nomad (15 of 75)\" \/><\/figure><\/div><div class=\"swiper-slide\" role=\"group\" aria-roledescription=\"slide\" aria-label=\"8 of 8\"><figure class=\"swiper-slide-inner\"><img decoding=\"async\" class=\"swiper-slide-image\" src=\"https:\/\/hotelnomad.ba\/wp-content\/uploads\/elementor\/thumbs\/NED_9643-q9e8etncpjtfjv80ye282e9lub1b9gcbb8vfhuknq8.jpg\" alt=\"NED_9643\" \/><\/figure><\/div>\t\t\t<\/div>\n\t\t\t\t\t\t\t\n\t\t\t\t\t\t\t\t\t<div class=\"swiper-pagination\"><\/div>\n\t\t\t\t\t\t\t\t\t<\/div>\n\t\t\t\t\t\t<\/div>\n\t\t\t\t<\/div>\n\t\t\t\t\t<\/div>\n\t\t\t\t<\/div>\n\t\t<div class=\"elementor-element elementor-element-3d254bb e-flex e-con-boxed e-con e-parent\" data-id=\"3d254bb\" data-element_type=\"container\" data-e-type=\"container\">\n\t\t\t\t\t<div class=\"e-con-inner\">\n\t\t\t\t<div class=\"elementor-element elementor-element-f2899ff elementor-widget elementor-widget-heading\" data-id=\"f2899ff\" data-element_type=\"widget\" data-e-type=\"widget\" data-widget_type=\"heading.default\">\n\t\t\t\t<div class=\"elementor-widget-container\">\n\t\t\t\t\t<h2 class=\"elementor-heading-title elementor-size-default\">Contact<\/h2>\t\t\t\t<\/div>\n\t\t\t\t<\/div>\n\t\t\t\t<div class=\"elementor-element elementor-element-88b0303 elementor-widget elementor-widget-heading\" data-id=\"88b0303\" data-element_type=\"widget\" data-e-type=\"widget\" data-widget_type=\"heading.default\">\n\t\t\t\t<div class=\"elementor-widget-container\">\n\t\t\t\t\t<h2 class=\"elementor-heading-title elementor-size-default\">meeting - conference room \/ team event<\/h2>\t\t\t\t<\/div>\n\t\t\t\t<\/div>\n\t\t\t\t<div class=\"elementor-element elementor-element-0584074 elementor-widget elementor-widget-text-editor\" data-id=\"0584074\" data-element_type=\"widget\" data-e-type=\"widget\" data-widget_type=\"text-editor.default\">\n\t\t\t\t<div class=\"elementor-widget-container\">\n\t\t\t\t\t\t\t\t\t<p><span style=\"color: #ae8c43;\">T:<\/span> +387 33 49 10 10<br \/><span style=\"color: #ae8c43;\">E: <\/span><a href=\"mailto:info@hotelnomad.ba\">info@hotelnomad.ba<\/a><\/p><p>\u00a0<\/p>\t\t\t\t\t\t\t\t<\/div>\n\t\t\t\t<\/div>\n\t\t\t\t<div class=\"elementor-element elementor-element-41ddb25 btn elementor-widget elementor-widget-button\" data-id=\"41ddb25\" data-element_type=\"widget\" data-e-type=\"widget\" data-widget_type=\"button.default\">\n\t\t\t\t<div class=\"elementor-widget-container\">\n\t\t\t\t\t\t\t\t\t<div class=\"elementor-button-wrapper\">\n\t\t\t\t\t<a class=\"elementor-button elementor-button-link elementor-size-sm elementor-animation-shrink\" href=\"#\">\n\t\t\t\t\t\t<span class=\"elementor-button-content-wrapper\">\n\t\t\t\t\t\t<span class=\"elementor-button-icon\">\n\t\t\t\t<i aria-hidden=\"true\" class=\"fas fa-chevron-right\"><\/i>\t\t\t<\/span>\n\t\t\t\t\t\t\t\t\t<span class=\"elementor-button-text\">SEND A REQUEST<\/span>\n\t\t\t\t\t<\/span>\n\t\t\t\t\t<\/a>\n\t\t\t\t<\/div>\n\t\t\t\t\t\t\t\t<\/div>\n\t\t\t\t<\/div>\n\t\t\t\t\t<\/div>\n\t\t\t\t<\/div>\n\t\t\t\t<\/div>","protected":false},"excerpt":{"rendered":"<p>Hotel Nomad Konferencijske sale Organizujte seminar, konferenciju ili radionicu uposlenika u na\u0161oj konferencijskoj sali iz koje se pru\u017ea predivan pogled na Babin do. Opremljena je svim potrebnim za kvalitetno prezentovanje (projektor, flipchart). Kapacitet sale je 80 osoba u zavisnosti od postavke, a u skladu sa Va\u0161im \u017eeljama i potrebama vr\u0161imo postavku stolova i stolica. Kontakt [&hellip;]<\/p>\n","protected":false},"author":1,"featured_media":0,"parent":0,"menu_order":0,"comment_status":"closed","ping_status":"closed","template":"elementor_header_footer","meta":{"_acf_changed":false,"footnotes":""},"class_list":["post-1023","page","type-page","status-publish","hentry"],"acf":[],"_links":{"self":[{"href":"https:\/\/hotelnomad.ba\/en\/wp-json\/wp\/v2\/pages\/1023","targetHints":{"allow":["GET"]}}],"collection":[{"href":"https:\/\/hotelnomad.ba\/en\/wp-json\/wp\/v2\/pages"}],"about":[{"href":"https:\/\/hotelnomad.ba\/en\/wp-json\/wp\/v2\/types\/page"}],"author":[{"embeddable":true,"href":"https:\/\/hotelnomad.ba\/en\/wp-json\/wp\/v2\/users\/1"}],"replies":[{"embeddable":true,"href":"https:\/\/hotelnomad.ba\/en\/wp-json\/wp\/v2\/comments?post=1023"}],"version-history":[{"count":65,"href":"https:\/\/hotelnomad.ba\/en\/wp-json\/wp\/v2\/pages\/1023\/revisions"}],"predecessor-version":[{"id":3962,"href":"https:\/\/hotelnomad.ba\/en\/wp-json\/wp\/v2\/pages\/1023\/revisions\/3962"}],"wp:attachment":[{"href":"https:\/\/hotelnomad.ba\/en\/wp-json\/wp\/v2\/media?parent=1023"}],"curies":[{"name":"wp","href":"https:\/\/api.w.org\/{rel}","templated":true}]}}