{"id":3147,"date":"2023-10-12T13:17:43","date_gmt":"2023-10-12T11:17:43","guid":{"rendered":"https:\/\/hotelnomad.ba\/?page_id=3147"},"modified":"2026-04-03T13:14:07","modified_gmt":"2026-04-03T11:14:07","slug":"ostale-usluge","status":"publish","type":"page","link":"https:\/\/hotelnomad.ba\/en\/ostale-usluge\/","title":{"rendered":"Additional services"},"content":{"rendered":"\t\t<div data-elementor-type=\"wp-page\" data-elementor-id=\"3147\" class=\"elementor elementor-3147\" data-elementor-post-type=\"page\">\n\t\t\t\t<div class=\"elementor-element elementor-element-82d68b3 e-flex e-con-boxed e-con e-parent\" data-id=\"82d68b3\" data-element_type=\"container\" data-e-type=\"container\">\n\t\t\t\t\t<div class=\"e-con-inner\">\n\t\t\t\t<div class=\"elementor-element elementor-element-056fba2 elementor-widget elementor-widget-heading\" data-id=\"056fba2\" data-element_type=\"widget\" data-e-type=\"widget\" data-widget_type=\"heading.default\">\n\t\t\t\t<div class=\"elementor-widget-container\">\n\t\t\t\t\t<h1 class=\"elementor-heading-title elementor-size-default\">Ostale usluge<\/h1>\t\t\t\t<\/div>\n\t\t\t\t<\/div>\n\t\t\t\t<div class=\"elementor-element elementor-element-cc40669 elementor-widget elementor-widget-text-editor\" data-id=\"cc40669\" data-element_type=\"widget\" data-e-type=\"widget\" data-widget_type=\"text-editor.default\">\n\t\t\t\t<div class=\"elementor-widget-container\">\n\t\t\t\t\t\t\t\t\t<p>Dobrodo\u0161li u Hotel Nomad! Kako bi Va\u0161 boravak u hotelu Nomad bio \u0161to bezbri\u017eniji i ugodniji, na\u0161e ljubazno osoblje na recepciji stoji Vam na raspolaganju 24 sata dnevno, a rado \u0107e odgovoriti na sva Va\u0161a pitanja i pomo\u0107i Vam oko rezervacije dodatnih usluga. Ovdje \u0107emo vam predstaviti neke od dodatnih pogodnosti koje smo pripremili kako biste u\u017eivali u nezaboravnom boravku na Bjela\u0161nici. Bro\u0161uru o svim sadr\u017eajima koje nudi Hotel Nomad preuzmite <a href=\"https:\/\/hotelnomad.ba\/wp-content\/uploads\/2024\/04\/Brosura-za-goste-2024.pdf\">OVDJE<\/a>.<\/p>\t\t\t\t\t\t\t\t<\/div>\n\t\t\t\t<\/div>\n\t\t\t\t\t<\/div>\n\t\t\t\t<\/div>\n\t\t<div class=\"elementor-element elementor-element-36d42cd e-flex e-con-boxed e-con e-parent\" data-id=\"36d42cd\" data-element_type=\"container\" data-e-type=\"container\" data-settings=\"{&quot;background_background&quot;:&quot;classic&quot;}\">\n\t\t\t\t\t<div class=\"e-con-inner\">\n\t\t<div class=\"elementor-element elementor-element-47860b4 e-con-full e-flex e-con e-child\" data-id=\"47860b4\" data-element_type=\"container\" data-e-type=\"container\">\n\t\t\t\t<div class=\"elementor-element elementor-element-6bc4323 elementor-widget elementor-widget-heading\" data-id=\"6bc4323\" data-element_type=\"widget\" data-e-type=\"widget\" data-widget_type=\"heading.default\">\n\t\t\t\t<div class=\"elementor-widget-container\">\n\t\t\t\t\t<h2 class=\"elementor-heading-title elementor-size-default\">Punja\u010d za elektri\u010dne automobile<\/h2>\t\t\t\t<\/div>\n\t\t\t\t<\/div>\n\t\t\t\t<div class=\"elementor-element elementor-element-77e590b elementor-widget elementor-widget-text-editor\" data-id=\"77e590b\" data-element_type=\"widget\" data-e-type=\"widget\" data-widget_type=\"text-editor.default\">\n\t\t\t\t<div class=\"elementor-widget-container\">\n\t\t\t\t\t\t\t\t\t<div class=\"flex flex-col text-sm pb-25\"><section class=\"text-token-text-primary w-full focus:outline-none [--shadow-height:45px] has-data-writing-block:pointer-events-none has-data-writing-block:-mt-(--shadow-height) has-data-writing-block:pt-(--shadow-height) [&amp;:has([data-writing-block])&gt;*]:pointer-events-auto scroll-mt-[calc(var(--header-height)+min(200px,max(70px,20svh)))]\" dir=\"auto\" data-turn-id=\"request-69cf783a-3208-8390-8234-20654229f726-12\" data-testid=\"conversation-turn-28\" data-scroll-anchor=\"true\" data-turn=\"assistant\"><div class=\"text-base my-auto mx-auto pb-10 [--thread-content-margin:var(--thread-content-margin-xs,calc(var(--spacing)*4))] @w-sm\/main:[--thread-content-margin:var(--thread-content-margin-sm,calc(var(--spacing)*6))] @w-lg\/main:[--thread-content-margin:var(--thread-content-margin-lg,calc(var(--spacing)*16))] px-(--thread-content-margin)\"><div class=\"[--thread-content-max-width:40rem] @w-lg\/main:[--thread-content-max-width:48rem] mx-auto max-w-(--thread-content-max-width) flex-1 group\/turn-messages focus-visible:outline-hidden relative flex w-full min-w-0 flex-col agent-turn\"><div class=\"flex max-w-full flex-col gap-4 grow\"><div class=\"min-h-8 text-message relative flex w-full flex-col items-end gap-2 text-start break-words whitespace-normal outline-none keyboard-focused:focus-ring [.text-message+&amp;]:mt-1\" dir=\"auto\" tabindex=\"0\" data-message-author-role=\"assistant\" data-message-id=\"3467cf41-25e3-4818-8bf6-5d2e615cc408\" data-message-model-slug=\"gpt-5-3\" data-turn-start-message=\"true\"><div class=\"flex w-full flex-col gap-1 empty:hidden\"><div class=\"markdown prose dark:prose-invert w-full wrap-break-word light markdown-new-styling\"><p data-start=\"0\" data-end=\"256\" data-is-last-node=\"\" data-is-only-node=\"\">Ako putujete elektri\u010dnim automobilom, na raspolaganju vam je na\u0161a punionica za elektri\u010dna vozila. Svoje vozilo mo\u017eete napuniti potpuno besplatno. Briga o okoli\u0161u nam je va\u017ena i trudimo se biti ekolo\u0161ki odgovorni. Rezervacija elektri\u010dnog mjesta je obavezna.<\/p><\/div><\/div><\/div><\/div><div class=\"z-0 flex min-h-[46px] justify-start\">\u00a0<\/div><div class=\"mt-3 w-full empty:hidden\"><div class=\"text-center\">\u00a0<\/div><\/div><\/div><\/div><\/section><\/div><div class=\"pointer-events-none h-px w-px absolute bottom-0\" aria-hidden=\"true\" data-edge=\"true\">\u00a0<\/div>\t\t\t\t\t\t\t\t<\/div>\n\t\t\t\t<\/div>\n\t\t\t\t<\/div>\n\t\t\t\t<div class=\"elementor-element elementor-element-c8a3afa elementor-widget__width-initial elementor-widget elementor-widget-image\" data-id=\"c8a3afa\" data-element_type=\"widget\" data-e-type=\"widget\" data-widget_type=\"image.default\">\n\t\t\t\t<div class=\"elementor-widget-container\">\n\t\t\t\t\t\t\t\t\t\t\t\t\t\t\t<img fetchpriority=\"high\" decoding=\"async\" width=\"800\" height=\"534\" src=\"https:\/\/hotelnomad.ba\/wp-content\/uploads\/2023\/10\/punionica.jpg\" class=\"attachment-large size-large wp-image-3155\" alt=\"\" srcset=\"https:\/\/hotelnomad.ba\/wp-content\/uploads\/2023\/10\/punionica.jpg 1000w, https:\/\/hotelnomad.ba\/wp-content\/uploads\/2023\/10\/punionica-300x200.jpg 300w, https:\/\/hotelnomad.ba\/wp-content\/uploads\/2023\/10\/punionica-768x512.jpg 768w, https:\/\/hotelnomad.ba\/wp-content\/uploads\/2023\/10\/punionica-18x12.jpg 18w\" sizes=\"(max-width: 800px) 100vw, 800px\" \/>\t\t\t\t\t\t\t\t\t\t\t\t\t\t\t<\/div>\n\t\t\t\t<\/div>\n\t\t\t\t\t<\/div>\n\t\t\t\t<\/div>\n\t\t<div class=\"elementor-element elementor-element-fcfa747 e-flex e-con-boxed e-con e-parent\" data-id=\"fcfa747\" data-element_type=\"container\" data-e-type=\"container\" data-settings=\"{&quot;background_background&quot;:&quot;classic&quot;}\">\n\t\t\t\t\t<div class=\"e-con-inner\">\n\t\t<div class=\"elementor-element elementor-element-b3f0531 e-con-full e-flex e-con e-child\" data-id=\"b3f0531\" data-element_type=\"container\" data-e-type=\"container\">\n\t\t\t\t<div class=\"elementor-element elementor-element-1c24e6a elementor-widget elementor-widget-heading\" data-id=\"1c24e6a\" data-element_type=\"widget\" data-e-type=\"widget\" data-widget_type=\"heading.default\">\n\t\t\t\t<div class=\"elementor-widget-container\">\n\t\t\t\t\t<h2 class=\"elementor-heading-title elementor-size-default\">Prostorija s dru\u0161tvenim igrama<\/h2>\t\t\t\t<\/div>\n\t\t\t\t<\/div>\n\t\t\t\t<div class=\"elementor-element elementor-element-515947f elementor-widget elementor-widget-text-editor\" data-id=\"515947f\" data-element_type=\"widget\" data-e-type=\"widget\" data-widget_type=\"text-editor.default\">\n\t\t\t\t<div class=\"elementor-widget-container\">\n\t\t\t\t\t\t\t\t\t<p>U sklopu hotela mo\u017eete da besplatno u\u017eivate u dru\u0161tvenim igrama. Preuzmite rekvizite za bilijar salu, stolni nogomet ili stolni tenis na recepciji. Okupite prijatelje i porodicu i u\u017eivajte u partijama omiljenih igara.<\/p>\t\t\t\t\t\t\t\t<\/div>\n\t\t\t\t<\/div>\n\t\t\t\t<\/div>\n\t\t\t\t<div class=\"elementor-element elementor-element-111c90b elementor-widget__width-initial elementor-widget elementor-widget-image\" data-id=\"111c90b\" data-element_type=\"widget\" data-e-type=\"widget\" data-widget_type=\"image.default\">\n\t\t\t\t<div class=\"elementor-widget-container\">\n\t\t\t\t\t\t\t\t\t\t\t\t\t\t\t<img decoding=\"async\" width=\"800\" height=\"534\" src=\"https:\/\/hotelnomad.ba\/wp-content\/uploads\/2023\/10\/drustvene-igre-.jpg\" class=\"attachment-large size-large wp-image-3153\" alt=\"\" srcset=\"https:\/\/hotelnomad.ba\/wp-content\/uploads\/2023\/10\/drustvene-igre-.jpg 1000w, https:\/\/hotelnomad.ba\/wp-content\/uploads\/2023\/10\/drustvene-igre--300x200.jpg 300w, https:\/\/hotelnomad.ba\/wp-content\/uploads\/2023\/10\/drustvene-igre--768x512.jpg 768w, https:\/\/hotelnomad.ba\/wp-content\/uploads\/2023\/10\/drustvene-igre--18x12.jpg 18w\" sizes=\"(max-width: 800px) 100vw, 800px\" \/>\t\t\t\t\t\t\t\t\t\t\t\t\t\t\t<\/div>\n\t\t\t\t<\/div>\n\t\t\t\t\t<\/div>\n\t\t\t\t<\/div>\n\t\t<div class=\"elementor-element elementor-element-41cdae4 e-flex e-con-boxed e-con e-parent\" data-id=\"41cdae4\" data-element_type=\"container\" data-e-type=\"container\" data-settings=\"{&quot;background_background&quot;:&quot;classic&quot;}\">\n\t\t\t\t\t<div class=\"e-con-inner\">\n\t\t<div class=\"elementor-element elementor-element-7fabeb0 e-con-full e-flex e-con e-child\" data-id=\"7fabeb0\" data-element_type=\"container\" data-e-type=\"container\">\n\t\t\t\t<div class=\"elementor-element elementor-element-fd26f98 elementor-widget elementor-widget-heading\" data-id=\"fd26f98\" data-element_type=\"widget\" data-e-type=\"widget\" data-widget_type=\"heading.default\">\n\t\t\t\t<div class=\"elementor-widget-container\">\n\t\t\t\t\t<h2 class=\"elementor-heading-title elementor-size-default\">Elektri\u010dna bicikle<\/h2>\t\t\t\t<\/div>\n\t\t\t\t<\/div>\n\t\t\t\t<div class=\"elementor-element elementor-element-a430704 elementor-widget elementor-widget-text-editor\" data-id=\"a430704\" data-element_type=\"widget\" data-e-type=\"widget\" data-widget_type=\"text-editor.default\">\n\t\t\t\t<div class=\"elementor-widget-container\">\n\t\t\t\t\t\t\t\t\tZa sve ljubitelje aktivnog odmora i istra\u017eivanja prirode, \nnudimo vam elektri\u010dne bicikle koje \u0107e vam omogu\u0107iti da istra\u017eite \nprekrasne staze i planinske puteve Bjela\u0161nice. Ovo je savr\u0161en na\u010din \nda se pove\u017eete s prirodom i istra\u017eite okolicu.\n\t\t\t\t\t\t\t\t<\/div>\n\t\t\t\t<\/div>\n\t\t\t\t<\/div>\n\t\t\t\t<div class=\"elementor-element elementor-element-f504315 elementor-widget__width-initial elementor-widget elementor-widget-image\" data-id=\"f504315\" data-element_type=\"widget\" data-e-type=\"widget\" data-widget_type=\"image.default\">\n\t\t\t\t<div class=\"elementor-widget-container\">\n\t\t\t\t\t\t\t\t\t\t\t\t\t\t\t<img decoding=\"async\" width=\"800\" height=\"534\" src=\"https:\/\/hotelnomad.ba\/wp-content\/uploads\/2023\/10\/bicikle.jpg\" class=\"attachment-large size-large wp-image-3152\" alt=\"\" srcset=\"https:\/\/hotelnomad.ba\/wp-content\/uploads\/2023\/10\/bicikle.jpg 1000w, https:\/\/hotelnomad.ba\/wp-content\/uploads\/2023\/10\/bicikle-300x200.jpg 300w, https:\/\/hotelnomad.ba\/wp-content\/uploads\/2023\/10\/bicikle-768x512.jpg 768w, https:\/\/hotelnomad.ba\/wp-content\/uploads\/2023\/10\/bicikle-18x12.jpg 18w\" sizes=\"(max-width: 800px) 100vw, 800px\" \/>\t\t\t\t\t\t\t\t\t\t\t\t\t\t\t<\/div>\n\t\t\t\t<\/div>\n\t\t\t\t\t<\/div>\n\t\t\t\t<\/div>\n\t\t<div class=\"elementor-element elementor-element-ce116f4 e-flex e-con-boxed e-con e-parent\" data-id=\"ce116f4\" data-element_type=\"container\" data-e-type=\"container\" data-settings=\"{&quot;background_background&quot;:&quot;classic&quot;}\">\n\t\t\t\t\t<div class=\"e-con-inner\">\n\t\t<div class=\"elementor-element elementor-element-e725891 e-con-full e-flex e-con e-child\" data-id=\"e725891\" data-element_type=\"container\" data-e-type=\"container\">\n\t\t\t\t<div class=\"elementor-element elementor-element-6daf868 elementor-widget elementor-widget-heading\" data-id=\"6daf868\" data-element_type=\"widget\" data-e-type=\"widget\" data-widget_type=\"heading.default\">\n\t\t\t\t<div class=\"elementor-widget-container\">\n\t\t\t\t\t<h2 class=\"elementor-heading-title elementor-size-default\">Skija\u0161nica<\/h2>\t\t\t\t<\/div>\n\t\t\t\t<\/div>\n\t\t\t\t<div class=\"elementor-element elementor-element-761411f elementor-widget elementor-widget-text-editor\" data-id=\"761411f\" data-element_type=\"widget\" data-e-type=\"widget\" data-widget_type=\"text-editor.default\">\n\t\t\t\t<div class=\"elementor-widget-container\">\n\t\t\t\t\t\t\t\t\t<p>Hotel Nomad je jedini SKI In i SKI Out hotel na Bjela\u0161nici koji<br \/>se nalazi 100 metara od \u0161estosjeda.<\/p><p>Svaka soba posjeduje svoj ormari\u0107 za skija\u0161ku opremu koji se grije.<\/p>\t\t\t\t\t\t\t\t<\/div>\n\t\t\t\t<\/div>\n\t\t\t\t<\/div>\n\t\t\t\t<div class=\"elementor-element elementor-element-f4049bd elementor-widget__width-initial elementor-widget elementor-widget-image\" data-id=\"f4049bd\" data-element_type=\"widget\" data-e-type=\"widget\" data-widget_type=\"image.default\">\n\t\t\t\t<div class=\"elementor-widget-container\">\n\t\t\t\t\t\t\t\t\t\t\t\t\t\t\t<img loading=\"lazy\" decoding=\"async\" width=\"800\" height=\"534\" src=\"https:\/\/hotelnomad.ba\/wp-content\/uploads\/2023\/10\/zima-bjelasnica-5.jpg\" class=\"attachment-large size-large wp-image-3156\" alt=\"\" srcset=\"https:\/\/hotelnomad.ba\/wp-content\/uploads\/2023\/10\/zima-bjelasnica-5.jpg 1000w, https:\/\/hotelnomad.ba\/wp-content\/uploads\/2023\/10\/zima-bjelasnica-5-300x200.jpg 300w, https:\/\/hotelnomad.ba\/wp-content\/uploads\/2023\/10\/zima-bjelasnica-5-768x512.jpg 768w, https:\/\/hotelnomad.ba\/wp-content\/uploads\/2023\/10\/zima-bjelasnica-5-18x12.jpg 18w\" sizes=\"(max-width: 800px) 100vw, 800px\" \/>\t\t\t\t\t\t\t\t\t\t\t\t\t\t\t<\/div>\n\t\t\t\t<\/div>\n\t\t\t\t\t<\/div>\n\t\t\t\t<\/div>\n\t\t<div class=\"elementor-element elementor-element-1bce512 e-flex e-con-boxed e-con e-parent\" data-id=\"1bce512\" data-element_type=\"container\" data-e-type=\"container\" data-settings=\"{&quot;background_background&quot;:&quot;classic&quot;}\">\n\t\t\t\t\t<div class=\"e-con-inner\">\n\t\t<div class=\"elementor-element elementor-element-cb39b94 e-con-full e-flex e-con e-child\" data-id=\"cb39b94\" data-element_type=\"container\" data-e-type=\"container\">\n\t\t\t\t<div class=\"elementor-element elementor-element-9aacb29 elementor-widget elementor-widget-heading\" data-id=\"9aacb29\" data-element_type=\"widget\" data-e-type=\"widget\" data-widget_type=\"heading.default\">\n\t\t\t\t<div class=\"elementor-widget-container\">\n\t\t\t\t\t<h2 class=\"elementor-heading-title elementor-size-default\">Parking<\/h2>\t\t\t\t<\/div>\n\t\t\t\t<\/div>\n\t\t\t\t<div class=\"elementor-element elementor-element-28f88ef elementor-widget elementor-widget-text-editor\" data-id=\"28f88ef\" data-element_type=\"widget\" data-e-type=\"widget\" data-widget_type=\"text-editor.default\">\n\t\t\t\t<div class=\"elementor-widget-container\">\n\t\t\t\t\t\t\t\t\t<p>Hotel i apartmani nude mogu\u0107nost vanjskog parkinga ovisno o raspolo\u017eivosti po cijeni od 5 EUR\/dan u periodu od 20.12. do 28.02. dok je u ostalim periodima besplatan. Gara\u017ea je dostupna uz obaveznu rezervaciju po cijeni od 10 EUR\/dan u istom zimskom periodu te 5 EUR\/dan tijekom ostatka godine.<\/p>\t\t\t\t\t\t\t\t<\/div>\n\t\t\t\t<\/div>\n\t\t\t\t<\/div>\n\t\t\t\t<div class=\"elementor-element elementor-element-8ad53a7 elementor-widget__width-initial elementor-widget elementor-widget-image\" data-id=\"8ad53a7\" data-element_type=\"widget\" data-e-type=\"widget\" data-widget_type=\"image.default\">\n\t\t\t\t<div class=\"elementor-widget-container\">\n\t\t\t\t\t\t\t\t\t\t\t\t\t\t\t<img loading=\"lazy\" decoding=\"async\" width=\"800\" height=\"534\" src=\"https:\/\/hotelnomad.ba\/wp-content\/uploads\/2023\/10\/garaza-1.jpg\" class=\"attachment-large size-large wp-image-3154\" alt=\"\" srcset=\"https:\/\/hotelnomad.ba\/wp-content\/uploads\/2023\/10\/garaza-1.jpg 1000w, https:\/\/hotelnomad.ba\/wp-content\/uploads\/2023\/10\/garaza-1-300x200.jpg 300w, https:\/\/hotelnomad.ba\/wp-content\/uploads\/2023\/10\/garaza-1-768x512.jpg 768w, https:\/\/hotelnomad.ba\/wp-content\/uploads\/2023\/10\/garaza-1-18x12.jpg 18w\" sizes=\"(max-width: 800px) 100vw, 800px\" \/>\t\t\t\t\t\t\t\t\t\t\t\t\t\t\t<\/div>\n\t\t\t\t<\/div>\n\t\t\t\t\t<\/div>\n\t\t\t\t<\/div>\n\t\t\t\t<\/div>\n\t\t","protected":false},"excerpt":{"rendered":"<p>Ostale usluge Dobrodo\u0161li u Hotel Nomad! Kako bi Va\u0161 boravak u hotelu Nomad bio \u0161to bezbri\u017eniji i ugodniji, na\u0161e ljubazno osoblje na recepciji stoji Vam na raspolaganju 24 sata dnevno, a rado \u0107e odgovoriti na sva Va\u0161a pitanja i pomo\u0107i Vam oko rezervacije dodatnih usluga. Ovdje \u0107emo vam predstaviti neke od dodatnih pogodnosti koje smo [&hellip;]<\/p>\n","protected":false},"author":1,"featured_media":0,"parent":0,"menu_order":0,"comment_status":"closed","ping_status":"closed","template":"","meta":{"_acf_changed":false,"footnotes":""},"class_list":["post-3147","page","type-page","status-publish","hentry"],"acf":[],"_links":{"self":[{"href":"https:\/\/hotelnomad.ba\/en\/wp-json\/wp\/v2\/pages\/3147","targetHints":{"allow":["GET"]}}],"collection":[{"href":"https:\/\/hotelnomad.ba\/en\/wp-json\/wp\/v2\/pages"}],"about":[{"href":"https:\/\/hotelnomad.ba\/en\/wp-json\/wp\/v2\/types\/page"}],"author":[{"embeddable":true,"href":"https:\/\/hotelnomad.ba\/en\/wp-json\/wp\/v2\/users\/1"}],"replies":[{"embeddable":true,"href":"https:\/\/hotelnomad.ba\/en\/wp-json\/wp\/v2\/comments?post=3147"}],"version-history":[{"count":34,"href":"https:\/\/hotelnomad.ba\/en\/wp-json\/wp\/v2\/pages\/3147\/revisions"}],"predecessor-version":[{"id":3956,"href":"https:\/\/hotelnomad.ba\/en\/wp-json\/wp\/v2\/pages\/3147\/revisions\/3956"}],"wp:attachment":[{"href":"https:\/\/hotelnomad.ba\/en\/wp-json\/wp\/v2\/media?parent=3147"}],"curies":[{"name":"wp","href":"https:\/\/api.w.org\/{rel}","templated":true}]}}