{"id":843,"date":"2022-12-02T12:09:48","date_gmt":"2022-12-02T12:09:48","guid":{"rendered":"https:\/\/hotelnomad.ba\/?page_id=843"},"modified":"2025-05-09T14:05:34","modified_gmt":"2025-05-09T12:05:34","slug":"gastro-pub","status":"publish","type":"page","link":"https:\/\/hotelnomad.ba\/en\/gastro-pub\/","title":{"rendered":"Gastro Pub"},"content":{"rendered":"<div data-elementor-type=\"wp-page\" data-elementor-id=\"843\" class=\"elementor elementor-843\" data-elementor-post-type=\"page\">\n\t\t\t\t<div class=\"elementor-element elementor-element-4ac28b3 e-con-full e-flex e-con e-parent\" data-id=\"4ac28b3\" data-element_type=\"container\" data-e-type=\"container\" data-settings=\"{&quot;background_background&quot;:&quot;classic&quot;}\">\n\t\t<div class=\"elementor-element elementor-element-abf15fc e-con-full e-flex e-con e-child\" data-id=\"abf15fc\" data-element_type=\"container\" data-e-type=\"container\">\n\t\t\t\t<div class=\"elementor-element elementor-element-9c29ccb elementor-widget elementor-widget-image\" data-id=\"9c29ccb\" data-element_type=\"widget\" data-e-type=\"widget\" data-widget_type=\"image.default\">\n\t\t\t\t<div class=\"elementor-widget-container\">\n\t\t\t\t\t\t\t\t\t\t\t\t\t\t\t<img fetchpriority=\"high\" decoding=\"async\" width=\"2560\" height=\"1703\" src=\"https:\/\/hotelnomad.ba\/wp-content\/uploads\/2023\/12\/NED_1416-scaled.jpg\" class=\"attachment-full size-full wp-image-3354\" alt=\"\" srcset=\"https:\/\/hotelnomad.ba\/wp-content\/uploads\/2023\/12\/NED_1416-scaled.jpg 2560w, https:\/\/hotelnomad.ba\/wp-content\/uploads\/2023\/12\/NED_1416-300x200.jpg 300w, https:\/\/hotelnomad.ba\/wp-content\/uploads\/2023\/12\/NED_1416-1024x681.jpg 1024w, https:\/\/hotelnomad.ba\/wp-content\/uploads\/2023\/12\/NED_1416-768x511.jpg 768w, https:\/\/hotelnomad.ba\/wp-content\/uploads\/2023\/12\/NED_1416-1536x1022.jpg 1536w, https:\/\/hotelnomad.ba\/wp-content\/uploads\/2023\/12\/NED_1416-2048x1363.jpg 2048w, https:\/\/hotelnomad.ba\/wp-content\/uploads\/2023\/12\/NED_1416-18x12.jpg 18w\" sizes=\"(max-width: 2560px) 100vw, 2560px\" \/>\t\t\t\t\t\t\t\t\t\t\t\t\t\t\t<\/div>\n\t\t\t\t<\/div>\n\t\t\t\t<\/div>\n\t\t<div class=\"elementor-element elementor-element-033e905 e-flex e-con-boxed e-con e-child\" data-id=\"033e905\" data-element_type=\"container\" data-e-type=\"container\" data-settings=\"{&quot;background_background&quot;:&quot;classic&quot;}\">\n\t\t\t\t\t<div class=\"e-con-inner\">\n\t\t<div class=\"elementor-element elementor-element-eea9bcf e-flex e-con-boxed e-con e-child\" data-id=\"eea9bcf\" data-element_type=\"container\" data-e-type=\"container\">\n\t\t\t\t\t<div class=\"e-con-inner\">\n\t\t\t\t<div class=\"elementor-element elementor-element-8ab18e5 elementor-widget elementor-widget-heading\" data-id=\"8ab18e5\" data-element_type=\"widget\" data-e-type=\"widget\" data-widget_type=\"heading.default\">\n\t\t\t\t<div class=\"elementor-widget-container\">\n\t\t\t\t\t<h3 class=\"elementor-heading-title elementor-size-default\">ENJOY THE DOMESTIC SPECIALTIES<\/h3>\t\t\t\t<\/div>\n\t\t\t\t<\/div>\n\t\t\t\t<div class=\"elementor-element elementor-element-2865b73 btn elementor-widget elementor-widget-button\" data-id=\"2865b73\" data-element_type=\"widget\" data-e-type=\"widget\" data-widget_type=\"button.default\">\n\t\t\t\t<div class=\"elementor-widget-container\">\n\t\t\t\t\t\t\t\t\t<div class=\"elementor-button-wrapper\">\n\t\t\t\t\t<a class=\"elementor-button elementor-button-link elementor-size-sm elementor-animation-shrink\" href=\"https:\/\/hotelnomad.ba\/en\/meni\/\">\n\t\t\t\t\t\t<span class=\"elementor-button-content-wrapper\">\n\t\t\t\t\t\t<span class=\"elementor-button-icon\">\n\t\t\t\t<i aria-hidden=\"true\" class=\"fas fa-chevron-right\"><\/i>\t\t\t<\/span>\n\t\t\t\t\t\t\t\t\t<span class=\"elementor-button-text\">LOOK AT THE MENU<\/span>\n\t\t\t\t\t<\/span>\n\t\t\t\t\t<\/a>\n\t\t\t\t<\/div>\n\t\t\t\t\t\t\t\t<\/div>\n\t\t\t\t<\/div>\n\t\t\t\t\t<\/div>\n\t\t\t\t<\/div>\n\t\t<div class=\"elementor-element elementor-element-d585cd3 e-flex e-con-boxed e-con e-child\" data-id=\"d585cd3\" data-element_type=\"container\" data-e-type=\"container\">\n\t\t\t\t\t<div class=\"e-con-inner\">\n\t\t\t\t<div class=\"elementor-element elementor-element-fee7799 elementor-widget elementor-widget-text-editor\" data-id=\"fee7799\" data-element_type=\"widget\" data-e-type=\"widget\" data-widget_type=\"text-editor.default\">\n\t\t\t\t<div class=\"elementor-widget-container\">\n\t\t\t\t\t\t\t\t\t<p>Relax in the beautiful atmosphere of our Gastro Pub. We are sure that you will be satisfied with the top notch food, but also delighted with the view that extends over our terrace. Babin do, like in the palm of your hand!<\/p><p>Gastro Pub can also be accessed through the ski slope, as it is built on the ski-in, ski-out principle.<\/p>\t\t\t\t\t\t\t\t<\/div>\n\t\t\t\t<\/div>\n\t\t\t\t\t<\/div>\n\t\t\t\t<\/div>\n\t\t\t\t\t<\/div>\n\t\t\t\t<\/div>\n\t\t\t\t<\/div>\n\t\t<div class=\"elementor-element elementor-element-4eb8957 e-flex e-con-boxed e-con e-parent\" data-id=\"4eb8957\" data-element_type=\"container\" data-e-type=\"container\">\n\t\t\t\t\t<div class=\"e-con-inner\">\n\t\t\t\t<div class=\"elementor-element elementor-element-8085701 elementor-pagination-position-outside elementor-widget elementor-widget-image-carousel\" data-id=\"8085701\" data-element_type=\"widget\" data-e-type=\"widget\" data-settings=\"{&quot;slides_to_show&quot;:&quot;2&quot;,&quot;slides_to_scroll&quot;:&quot;1&quot;,&quot;navigation&quot;:&quot;dots&quot;,&quot;autoplay&quot;:&quot;yes&quot;,&quot;pause_on_hover&quot;:&quot;yes&quot;,&quot;pause_on_interaction&quot;:&quot;yes&quot;,&quot;autoplay_speed&quot;:5000,&quot;infinite&quot;:&quot;yes&quot;,&quot;speed&quot;:500,&quot;image_spacing_custom&quot;:{&quot;unit&quot;:&quot;px&quot;,&quot;size&quot;:20,&quot;sizes&quot;:[]},&quot;image_spacing_custom_tablet&quot;:{&quot;unit&quot;:&quot;px&quot;,&quot;size&quot;:&quot;&quot;,&quot;sizes&quot;:[]},&quot;image_spacing_custom_mobile&quot;:{&quot;unit&quot;:&quot;px&quot;,&quot;size&quot;:&quot;&quot;,&quot;sizes&quot;:[]}}\" data-widget_type=\"image-carousel.default\">\n\t\t\t\t<div class=\"elementor-widget-container\">\n\t\t\t\t\t\t\t<div class=\"elementor-image-carousel-wrapper swiper\" role=\"region\" aria-roledescription=\"carousel\" aria-label=\"Image Carousel\" dir=\"ltr\">\n\t\t\t<div class=\"elementor-image-carousel swiper-wrapper\" aria-live=\"off\">\n\t\t\t\t\t\t\t\t<div class=\"swiper-slide\" role=\"group\" aria-roledescription=\"slide\" aria-label=\"1 of 11\"><figure class=\"swiper-slide-inner\"><img decoding=\"async\" class=\"swiper-slide-image\" src=\"https:\/\/hotelnomad.ba\/wp-content\/uploads\/elementor\/thumbs\/NED_1566-scaled-qh1nnz7346x5e3x7q8sjel5ilcfmhs40944j2fsjh0.jpg\" alt=\"NED_1566\" \/><\/figure><\/div><div class=\"swiper-slide\" role=\"group\" aria-roledescription=\"slide\" aria-label=\"2 of 11\"><figure class=\"swiper-slide-inner\"><img decoding=\"async\" class=\"swiper-slide-image\" src=\"https:\/\/hotelnomad.ba\/wp-content\/uploads\/elementor\/thumbs\/NED_1416-scaled-qh1nmo75mh4t9lthcoh6xx0gw2v9swxfeni92lq844.jpg\" alt=\"NED_1416\" \/><\/figure><\/div><div class=\"swiper-slide\" role=\"group\" aria-roledescription=\"slide\" aria-label=\"3 of 11\"><figure class=\"swiper-slide-inner\"><img decoding=\"async\" class=\"swiper-slide-image\" src=\"https:\/\/hotelnomad.ba\/wp-content\/uploads\/elementor\/thumbs\/NED_1436-scaled-qh1nn2aqgzo43r902cklhbgdsuxs0dheglaj9r5bis.jpg\" alt=\"NED_1436\" \/><\/figure><\/div><div class=\"swiper-slide\" role=\"group\" aria-roledescription=\"slide\" aria-label=\"4 of 11\"><figure class=\"swiper-slide-inner\"><img decoding=\"async\" class=\"swiper-slide-image\" src=\"https:\/\/hotelnomad.ba\/wp-content\/uploads\/elementor\/thumbs\/NED_1552-scaled-qh1nnj7tw0b9wqkfbjvvq76ohsmduxckix19wqg8es.jpg\" alt=\"NED_1552\" \/><\/figure><\/div><div class=\"swiper-slide\" role=\"group\" aria-roledescription=\"slide\" aria-label=\"5 of 11\"><figure class=\"swiper-slide-inner\"><img decoding=\"async\" class=\"swiper-slide-image\" src=\"https:\/\/hotelnomad.ba\/wp-content\/uploads\/elementor\/thumbs\/NED_1617-scaled-qh1noe8i5jhqjvbdafakihcw3idhwxrpn6kaqv68pg.jpg\" alt=\"NED_1617\" \/><\/figure><\/div><div class=\"swiper-slide\" role=\"group\" aria-roledescription=\"slide\" aria-label=\"6 of 11\"><figure class=\"swiper-slide-inner\"><img decoding=\"async\" class=\"swiper-slide-image\" src=\"https:\/\/hotelnomad.ba\/wp-content\/uploads\/elementor\/thumbs\/DNI_9057-scaled-qh1nrebxzhlpn0ycr80nz82wetkpi4oue1l4xopytw.jpg\" alt=\"DNI_9057\" \/><\/figure><\/div><div class=\"swiper-slide\" role=\"group\" aria-roledescription=\"slide\" aria-label=\"7 of 11\"><figure class=\"swiper-slide-inner\"><img decoding=\"async\" class=\"swiper-slide-image\" src=\"https:\/\/hotelnomad.ba\/wp-content\/uploads\/elementor\/thumbs\/DNI_9107-scaled-qh1nrz0e5ue0qg4begygi2v1haqs7gyxsvxthrvb10.jpg\" alt=\"DNI_9107\" \/><\/figure><\/div><div class=\"swiper-slide\" role=\"group\" aria-roledescription=\"slide\" aria-label=\"8 of 11\"><figure class=\"swiper-slide-inner\"><img decoding=\"async\" class=\"swiper-slide-image\" src=\"https:\/\/hotelnomad.ba\/wp-content\/uploads\/elementor\/thumbs\/NED_1635-scaled-qh1nou7rdq3m18o5p4786vbq726qjsj5ddnjwkijro.jpg\" alt=\"NED_1635\" \/><\/figure><\/div><div class=\"swiper-slide\" role=\"group\" aria-roledescription=\"slide\" aria-label=\"9 of 11\"><figure class=\"swiper-slide-inner\"><img decoding=\"async\" class=\"swiper-slide-image\" src=\"https:\/\/hotelnomad.ba\/wp-content\/uploads\/elementor\/thumbs\/DNI_9034-scaled-qh1nq49uolunu4t9863y31pbaxvq0ylzvpmcf4m9as.jpg\" alt=\"DNI_9034\" \/><\/figure><\/div><div class=\"swiper-slide\" role=\"group\" aria-roledescription=\"slide\" aria-label=\"10 of 11\"><figure class=\"swiper-slide-inner\"><img decoding=\"async\" class=\"swiper-slide-image\" src=\"https:\/\/hotelnomad.ba\/wp-content\/uploads\/elementor\/thumbs\/DNI_9037-scaled-qh1nqrrtfgqtwdv4ey9mbdru5knwde7aaxxhf1nez8.jpg\" alt=\"DNI_9037\" \/><\/figure><\/div><div class=\"swiper-slide\" role=\"group\" aria-roledescription=\"slide\" aria-label=\"11 of 11\"><figure class=\"swiper-slide-inner\"><img decoding=\"async\" class=\"swiper-slide-image\" src=\"https:\/\/hotelnomad.ba\/wp-content\/uploads\/elementor\/thumbs\/DNI_9160-scaled-qh1nsht5yj3r6nd0cp2zvy49d064hf1kjgzj3b3fkk.jpg\" alt=\"DNI_9160\" \/><\/figure><\/div>\t\t\t<\/div>\n\t\t\t\t\t\t\t\n\t\t\t\t\t\t\t\t\t<div class=\"swiper-pagination\"><\/div>\n\t\t\t\t\t\t\t\t\t<\/div>\n\t\t\t\t\t\t<\/div>\n\t\t\t\t<\/div>\n\t\t\t\t\t<\/div>\n\t\t\t\t<\/div>\n\t\t\t\t<\/div>","protected":false},"excerpt":{"rendered":"<p>u\u017eivajte u doma\u0107im specijalitetima POGLEDAJ MENI Odmorite se u lijepoj atmosferi na\u0161eg gastro puba. Sigurni smo da \u0107ete biti zadovoljni vrhunskom hranom, ali i odu\u0161evljeni pogledom koji se pru\u017ea preko na\u0161e terase. Babin do, kao na dlanu! Na\u0161em gastro pubu je mogu\u0107e pristupiti i preko skija\u0161ke staze, obzirom da je napravljen na ski-in, ski-out princip.<\/p>","protected":false},"author":1,"featured_media":0,"parent":0,"menu_order":0,"comment_status":"closed","ping_status":"closed","template":"elementor_header_footer","meta":{"_acf_changed":false,"footnotes":""},"class_list":["post-843","page","type-page","status-publish","hentry"],"acf":[],"_links":{"self":[{"href":"https:\/\/hotelnomad.ba\/en\/wp-json\/wp\/v2\/pages\/843","targetHints":{"allow":["GET"]}}],"collection":[{"href":"https:\/\/hotelnomad.ba\/en\/wp-json\/wp\/v2\/pages"}],"about":[{"href":"https:\/\/hotelnomad.ba\/en\/wp-json\/wp\/v2\/types\/page"}],"author":[{"embeddable":true,"href":"https:\/\/hotelnomad.ba\/en\/wp-json\/wp\/v2\/users\/1"}],"replies":[{"embeddable":true,"href":"https:\/\/hotelnomad.ba\/en\/wp-json\/wp\/v2\/comments?post=843"}],"version-history":[{"count":209,"href":"https:\/\/hotelnomad.ba\/en\/wp-json\/wp\/v2\/pages\/843\/revisions"}],"predecessor-version":[{"id":3711,"href":"https:\/\/hotelnomad.ba\/en\/wp-json\/wp\/v2\/pages\/843\/revisions\/3711"}],"wp:attachment":[{"href":"https:\/\/hotelnomad.ba\/en\/wp-json\/wp\/v2\/media?parent=843"}],"curies":[{"name":"wp","href":"https:\/\/api.w.org\/{rel}","templated":true}]}}